{"id":3,"date":"2020-08-10T15:08:18","date_gmt":"2020-08-10T15:08:18","guid":{"rendered":"http:\/\/kalofiber.mx\/?page_id=3"},"modified":"2021-11-23T18:05:04","modified_gmt":"2021-11-23T18:05:04","slug":"privacy-policy","status":"publish","type":"page","link":"https:\/\/kalofiber.mx\/index.php\/privacy-policy\/","title":{"rendered":"Privacy Policy"},"content":{"rendered":"\t\t<div data-elementor-type=\"wp-page\" data-elementor-id=\"3\" class=\"elementor elementor-3\">\n\t\t\t\t\t\t\t\t\t<section class=\"elementor-section elementor-top-section elementor-element elementor-element-734d38cd elementor-section-boxed elementor-section-height-default elementor-section-height-default\" data-id=\"734d38cd\" data-element_type=\"section\">\n\t\t\t\t\t\t<div class=\"elementor-container elementor-column-gap-default\">\n\t\t\t\t\t<div class=\"elementor-column elementor-col-100 elementor-top-column elementor-element elementor-element-7dd62f58\" data-id=\"7dd62f58\" data-element_type=\"column\">\n\t\t\t<div class=\"elementor-widget-wrap elementor-element-populated\">\n\t\t\t\t\t\t\t\t<div class=\"elementor-element elementor-element-1d6e9572 elementor-widget elementor-widget-text-editor\" data-id=\"1d6e9572\" data-element_type=\"widget\" data-widget_type=\"text-editor.default\">\n\t\t\t\t<div class=\"elementor-widget-container\">\n\t\t\t\t\t\t\t<!-- wp:heading -->\n<h4>Quienes somos?<\/h4>\n<!-- \/wp:heading --><!-- wp:paragraph -->\n<p>Esta Pol\u00edtica de privacidad describe c\u00f3mo se recopila, utiliza y comparte su informaci\u00f3n personal cuando visita o hace una compra en kalofiber.com (denominado en lo sucesivo el \u201cSitio\u201d).<\/p>\n<!-- \/wp:paragraph --><!-- wp:heading -->\n<h4>\u00a0<\/h4>\n<h4><strong>\u00bf<\/strong>Qu\u00e9 informacion recopilamos?<\/h4>\n<p>Cuando visita el Sitio, recopilamos autom\u00e1ticamente cierta informaci\u00f3n sobre su dispositivo, incluida informaci\u00f3n sobre su navegador web, direcci\u00f3n IP, zona horaria y algunas de las cookies que est\u00e1n instaladas en su dispositivo. Adem\u00e1s, a medida que navega por el Sitio, recopilamos informaci\u00f3n sobre las p\u00e1ginas web individuales o los productos que ve, las p\u00e1ginas web o los t\u00e9rminos de b\u00fasqueda que lo remitieron al Sitio e informaci\u00f3n sobre c\u00f3mo interact\u00faa usted con el Sitio. Nos referimos a esta informaci\u00f3n recopilada autom\u00e1ticamente como \u201cInformaci\u00f3n del dispositivo\u201d.<\/p>\n<!-- \/wp:heading --><!-- wp:heading {\"level\":3} -->\n<h4>\u00a0<\/h4>\n<h4>Cookies<\/h4>\n<!-- \/wp:heading --><!-- wp:paragraph -->\n<p>Aqu\u00ed tienes una lista de cookies que utilizamos. Las enlistamos para que puedas elegir si quieres optar por quitarlas o no.<\/p>\n<p>Si deja un comentario en nuestro sitio, puede optar por guardar su nombre, direcci\u00f3n de correo electr\u00f3nico y sitio web en cookies. Estos son para su conveniencia para que no tenga que volver a completar sus datos cuando deje otro comentario. Estas cookies durar\u00e1n un a\u00f1o.<\/p>\n<p>Si visita nuestra p\u00e1gina de inicio de sesi\u00f3n, configuraremos una cookie temporal para determinar si su navegador acepta cookies. Esta cookie no contiene datos personales y se descarta cuando cierra su navegador<\/p>\n<p>Cuando inicie sesi\u00f3n, tambi\u00e9n configuraremos varias cookies para guardar su informaci\u00f3n de inicio de sesi\u00f3n y sus opciones de visualizaci\u00f3n de pantalla. Las cookies de inicio de sesi\u00f3n duran dos d\u00edas y las cookies de opciones de pantalla duran un a\u00f1o. Si selecciona \u00abRecordarme\u00bb, su inicio de sesi\u00f3n persistir\u00e1 durante dos semanas. Si cierra sesi\u00f3n en su cuenta, se eliminar\u00e1n las cookies de inicio de sesi\u00f3n.<\/p>\n<p>Si edita o publica un art\u00edculo, se guardar\u00e1 una cookie adicional en su navegador. Esta cookie no incluye datos personales y simplemente indica el ID de publicaci\u00f3n del art\u00edculo que acaba de editar. Caduca despu\u00e9s de 1 d\u00eda.<\/p>\n<!-- \/wp:paragraph --><!-- wp:heading {\"level\":3} -->\n<p>&#8211; Los \u201cArchivos de registro\u201d rastrean las acciones que ocurren en el Sitio y recopilan datos, incluyendo su direcci\u00f3n IP, tipo de navegador, proveedor de servicio de Internet, p\u00e1ginas de referencia\/salida y marcas de fecha\/horario.<\/p>\n<p>\u00a0\u00a0\u00a0 &#8211; Las \u201cbalizas web\u201d, las \u201cetiquetas\u201d y los \u201cp\u00edxeles\u201d son archivos electr\u00f3nicos utilizados para registrar informaci\u00f3n sobre c\u00f3mo navega usted por el Sitio.<\/p>\n<p>Adem\u00e1s, cuando hace una compra o intenta hacer una compra a trav\u00e9s del Sitio, recopilamos cierta informaci\u00f3n de usted, entre la que se incluye su nombre, direcci\u00f3n de facturaci\u00f3n, direcci\u00f3n de env\u00edo, informaci\u00f3n de pago (incluidos los n\u00fameros de la tarjeta de cr\u00e9dito, credito, cuenta de paypal, mercado pago o cualquier otra plataforma de pagos disponible. Direcci\u00f3n de correo electr\u00f3nico y n\u00famero de tel\u00e9fono.\u00a0 Nos referimos a esta informaci\u00f3n como \u201cInformaci\u00f3n del pedido\u201d.<\/p>\n<h4>\u00a0<\/h4>\n<h4><strong>\u00bfC\u00f3mo utilizamos su informaci\u00f3n personal?<\/strong><\/h4>\n<p>Usamos la Informaci\u00f3n del pedido que recopilamos en general para preparar los pedidos realizados a trav\u00e9s del Sitio (incluido el procesamiento de su informaci\u00f3n de pago, la organizaci\u00f3n de los env\u00edos y la entrega de facturas y\/o confirmaciones de pedido).\u00a0 Adem\u00e1s, utilizamos esta Informaci\u00f3n del pedido para: comunicarnos con usted;<\/p>\n<p>examinar nuestros pedidos en busca de fraudes o riesgos potenciales; y cuando de acuerdo con las preferencias que usted comparti\u00f3 con nosotros, le proporcionamos informaci\u00f3n o publicidad relacionada con nuestros productos o servicios.<\/p>\n<p>Utilizamos la Informaci\u00f3n del dispositivo que recopilamos para ayudarnos a detectar posibles riesgos y fraudes (en particular, su direcci\u00f3n IP) y, en general, para mejorar y optimizar nuestro Sitio (por ejemplo, al generar informes y estad\u00edsticas sobre c\u00f3mo nuestros clientes navegan e interact\u00faan con el Sitio y para evaluar el \u00e9xito de nuestras campa\u00f1as publicitarias y de marketing).<\/p>\n<h4>\u00a0<\/h4>\n<h4>Compartir su informaci\u00f3n personal<\/h4>\n<p>Compartimos su Informaci\u00f3n personal con terceros tal como se describi\u00f3 anteriormente.\u00a0 Tambi\u00e9n utilizamos Google Analytics para ayudarnos a comprender c\u00f3mo usan nuestros clientes el Sitio. Puede obtener m\u00e1s informaci\u00f3n sobre c\u00f3mo Google utiliza su Informaci\u00f3n personal aqu\u00ed:<\/p>\n<ul>\n<li>https:\/\/www.google.com\/intl\/es\/policies\/privacy\/.\u00a0 Puede darse de baja de Google Analytics aqu\u00ed: https:\/\/tools.google.com\/dlpage\/gaoptout.<\/li>\n<\/ul>\n<p>Finalmente, tambi\u00e9n podemos compartir su Informaci\u00f3n personal para cumplir con las leyes y regulaciones aplicables, para responder a una citaci\u00f3n, orden de registro u otra solicitud legal de informaci\u00f3n que recibamos, o para proteger nuestros derechos.<\/p>\n<p>\u00a0<\/p>\n<h4><strong>Publicidad orientada por el comportamiento<\/strong><\/h4>\n<p>Como se describi\u00f3 anteriormente, utilizamos su Informaci\u00f3n personal para proporcionarle anuncios publicitarios dirigidos o comunicaciones de marketing que creemos que pueden ser de su inter\u00e9s.\u00a0 Para m\u00e1s informaci\u00f3n sobre c\u00f3mo funciona la publicidad dirigida, puede visitar la p\u00e1gina educativa de la Iniciativa Publicitaria en la Red (\u00abNAI\u00bb por sus siglas en ingl\u00e9s) en http:\/\/www.networkadvertising.org\/understanding-online-advertising\/how-does-it-work.<\/p>\n<p>\u00a0<\/p>\n<p>Puede darse de baja de la publicidad dirigida mediante los siguientes enlaces:<\/p>\n<ul>\n<li>FACEBOOK: https:\/\/www.facebook.com\/settings\/?tab=ads<\/li>\n<li>GOOGLE: https:\/\/adssettings.google.com\/authenticated?hl=es<\/li>\n<li>BING: https:\/\/about.ads.microsoft.com\/es-es\/recursos\/directivas\/anuncios-personalizados<\/li>\n<\/ul>\n<p>Adem\u00e1s, puede darse de baja de algunos de estos servicios visitando el portal de exclusi\u00f3n voluntaria de Digital Advertising Alliance en: ttp:\/\/optout.aboutads.info\/.<\/p>\n<p>\u00a0<\/p>\n<h4>No rastrear<\/h4>\n<p>Tenga en cuenta que no alteramos las pr\u00e1cticas de recopilaci\u00f3n y uso de datos de nuestro Sitio cuando vemos una se\u00f1al de No rastrear desde su navegador.<\/p>\n<h4>\u00a0<\/h4>\n<h4>Retenci\u00f3n<strong>\u00a0de Datos<\/strong><\/h4>\n<p>Cuando realiza un pedido a trav\u00e9s del Sitio, mantendremos su Informaci\u00f3n del pedido para nuestros registros a menos que y hasta que nos pida que eliminemos esta informaci\u00f3n.<\/p>\n<h4>\u00a0<\/h4>\n<h4><strong>Menores<\/strong><\/h4>\n<p>El sitio no est\u00e1 destinado a personas menores de 18 a\u00f1os.<\/p>\n<h4>\u00a0<\/h4>\n<h4><strong>Cambios<\/strong><\/h4>\n<p>Podemos actualizar esta pol\u00edtica de privacidad peri\u00f3dicamente para reflejar, por ejemplo, cambios en nuestras pr\u00e1cticas o por otros motivos operativos, legales o reglamentarios.<\/p>\n<h4>\u00a0<\/h4>\n<h4>Cont\u00e1ctenos<\/h4>\n<p>Para obtener m\u00e1s informaci\u00f3n sobre nuestras pr\u00e1cticas de privacidad, si tiene alguna pregunta o si desea presentar una queja, cont\u00e1ctenos por correo electr\u00f3nico a kalofiber@gmail.com.<\/p>\n<p>\u00a0<\/p>\n<!-- \/wp:heading -->\t\t\t\t\t\t<\/div>\n\t\t\t\t<\/div>\n\t\t\t\t\t<\/div>\n\t\t<\/div>\n\t\t\t\t\t\t\t<\/div>\n\t\t<\/section>\n\t\t\t\t\t\t\t<\/div>\n\t\t","protected":false},"excerpt":{"rendered":"<p>Quienes somos? Esta Pol\u00edtica de privacidad describe c\u00f3mo se recopila, utiliza y comparte su informaci\u00f3n personal cuando visita o hace una compra en kalofiber.com (denominado en lo sucesivo el \u201cSitio\u201d). \u00a0 \u00bfQu\u00e9 informacion recopilamos? Cuando visita el Sitio, recopilamos autom\u00e1ticamente cierta informaci\u00f3n sobre su dispositivo, incluida informaci\u00f3n sobre su navegador web, direcci\u00f3n IP, zona horaria [&hellip;]<\/p>\n","protected":false},"author":1,"featured_media":0,"parent":0,"menu_order":0,"comment_status":"closed","ping_status":"open","template":"","meta":{"_mi_skip_tracking":false,"site-sidebar-layout":"default","site-content-layout":"default","ast-site-content-layout":"","site-content-style":"default","site-sidebar-style":"default","ast-global-header-display":"","ast-banner-title-visibility":"","ast-main-header-display":"","ast-hfb-above-header-display":"","ast-hfb-below-header-display":"","ast-hfb-mobile-header-display":"","site-post-title":"","ast-breadcrumbs-content":"","ast-featured-img":"","footer-sml-layout":"","theme-transparent-header-meta":"default","adv-header-id-meta":"","stick-header-meta":"","header-above-stick-meta":"","header-main-stick-meta":"","header-below-stick-meta":"","astra-migrate-meta-layouts":"default","ast-page-background-enabled":"default","ast-page-background-meta":{"desktop":{"background-color":"var(--ast-global-color-4)","background-image":"","background-repeat":"repeat","background-position":"center center","background-size":"auto","background-attachment":"scroll","background-type":"","background-media":"","overlay-type":"","overlay-color":"","overlay-gradient":""},"tablet":{"background-color":"","background-image":"","background-repeat":"repeat","background-position":"center center","background-size":"auto","background-attachment":"scroll","background-type":"","background-media":"","overlay-type":"","overlay-color":"","overlay-gradient":""},"mobile":{"background-color":"","background-image":"","background-repeat":"repeat","background-position":"center center","background-size":"auto","background-attachment":"scroll","background-type":"","background-media":"","overlay-type":"","overlay-color":"","overlay-gradient":""}},"ast-content-background-meta":{"desktop":{"background-color":"var(--ast-global-color-5)","background-image":"","background-repeat":"repeat","background-position":"center center","background-size":"auto","background-attachment":"scroll","background-type":"","background-media":"","overlay-type":"","overlay-color":"","overlay-gradient":""},"tablet":{"background-color":"var(--ast-global-color-5)","background-image":"","background-repeat":"repeat","background-position":"center center","background-size":"auto","background-attachment":"scroll","background-type":"","background-media":"","overlay-type":"","overlay-color":"","overlay-gradient":""},"mobile":{"background-color":"var(--ast-global-color-5)","background-image":"","background-repeat":"repeat","background-position":"center center","background-size":"auto","background-attachment":"scroll","background-type":"","background-media":"","overlay-type":"","overlay-color":"","overlay-gradient":""}},"spay_email":"","footnotes":""},"aioseo_notices":[],"_links":{"self":[{"href":"https:\/\/kalofiber.mx\/index.php\/wp-json\/wp\/v2\/pages\/3"}],"collection":[{"href":"https:\/\/kalofiber.mx\/index.php\/wp-json\/wp\/v2\/pages"}],"about":[{"href":"https:\/\/kalofiber.mx\/index.php\/wp-json\/wp\/v2\/types\/page"}],"author":[{"embeddable":true,"href":"https:\/\/kalofiber.mx\/index.php\/wp-json\/wp\/v2\/users\/1"}],"replies":[{"embeddable":true,"href":"https:\/\/kalofiber.mx\/index.php\/wp-json\/wp\/v2\/comments?post=3"}],"version-history":[{"count":4,"href":"https:\/\/kalofiber.mx\/index.php\/wp-json\/wp\/v2\/pages\/3\/revisions"}],"predecessor-version":[{"id":811,"href":"https:\/\/kalofiber.mx\/index.php\/wp-json\/wp\/v2\/pages\/3\/revisions\/811"}],"wp:attachment":[{"href":"https:\/\/kalofiber.mx\/index.php\/wp-json\/wp\/v2\/media?parent=3"}],"curies":[{"name":"wp","href":"https:\/\/api.w.org\/{rel}","templated":true}]}}