{"id":1191,"date":"2023-04-11T17:29:26","date_gmt":"2023-04-11T17:29:26","guid":{"rendered":"https:\/\/kalofiber.mx\/?post_type=product&#038;p=1191"},"modified":"2025-06-10T22:51:57","modified_gmt":"2025-06-10T22:51:57","slug":"lampara-de-3-niveles","status":"publish","type":"product","link":"https:\/\/kalofiber.mx\/index.php\/producto\/lampara-de-3-niveles\/","title":{"rendered":"Lampara de 3 niveles con Macrame"},"content":{"rendered":"<p>&nbsp;<\/p>\n<p>Pantalla \/ lampara colgante hecha a mano con cuerdas de algod\u00f3n color beige (crudo \/natural) .<\/p>\n<p>Dise\u00f1o de 3 niveles en una sola estructura tama\u00f1o 20x30x50 cm y de alto de 80 cm tejido,<\/p>\n<p>Peso aproximado de 3 kilos max.<\/p>\n<p>Recomendable para interiores y de utilizar en exteriores no exponer al sol o lluvia directamente para mantener la calidad de fibra natural.<\/p>\n<p>Una unidad lista para entrega, de requerir otro adicional realizar pedido, tiempo de producci\u00f3n 10 h\u00e1biles para su env\u00edo.<\/p>\n","protected":false},"excerpt":{"rendered":"<p>Pantalla \/ lampara colgante hecha a mano con cuerdas de algod\u00f3n color beige (crudo \/natural) .<\/p>\n<p>Dise\u00f1o de 3 niveles en una sola estructura tama\u00f1o 20x30x50 cm y de alto de 80 cm tejido,<\/p>\n<p>Peso aproximado de 3 kilos max.<\/p>\n<p>&nbsp;<\/p>\n","protected":false},"featured_media":1192,"comment_status":"open","ping_status":"closed","template":"","meta":{"_mi_skip_tracking":false,"site-sidebar-layout":"default","site-content-layout":"default","ast-site-content-layout":"default","site-content-style":"default","site-sidebar-style":"default","ast-global-header-display":"","ast-banner-title-visibility":"","ast-main-header-display":"","ast-hfb-above-header-display":"","ast-hfb-below-header-display":"","ast-hfb-mobile-header-display":"","site-post-title":"","ast-breadcrumbs-content":"","ast-featured-img":"","footer-sml-layout":"","theme-transparent-header-meta":"default","adv-header-id-meta":"","stick-header-meta":"","header-above-stick-meta":"","header-main-stick-meta":"","header-below-stick-meta":"","astra-migrate-meta-layouts":"set","ast-page-background-enabled":"default","ast-page-background-meta":{"desktop":{"background-color":"var(--ast-global-color-4)","background-image":"","background-repeat":"repeat","background-position":"center center","background-size":"auto","background-attachment":"scroll","background-type":"","background-media":"","overlay-type":"","overlay-color":"","overlay-gradient":""},"tablet":{"background-color":"","background-image":"","background-repeat":"repeat","background-position":"center center","background-size":"auto","background-attachment":"scroll","background-type":"","background-media":"","overlay-type":"","overlay-color":"","overlay-gradient":""},"mobile":{"background-color":"","background-image":"","background-repeat":"repeat","background-position":"center center","background-size":"auto","background-attachment":"scroll","background-type":"","background-media":"","overlay-type":"","overlay-color":"","overlay-gradient":""}},"ast-content-background-meta":{"desktop":{"background-color":"var(--ast-global-color-5)","background-image":"","background-repeat":"repeat","background-position":"center center","background-size":"auto","background-attachment":"scroll","background-type":"","background-media":"","overlay-type":"","overlay-color":"","overlay-gradient":""},"tablet":{"background-color":"var(--ast-global-color-5)","background-image":"","background-repeat":"repeat","background-position":"center center","background-size":"auto","background-attachment":"scroll","background-type":"","background-media":"","overlay-type":"","overlay-color":"","overlay-gradient":""},"mobile":{"background-color":"var(--ast-global-color-5)","background-image":"","background-repeat":"repeat","background-position":"center center","background-size":"auto","background-attachment":"scroll","background-type":"","background-media":"","overlay-type":"","overlay-color":"","overlay-gradient":""}},"spay_email":""},"product_cat":[28],"product_tag":[31],"aioseo_notices":[],"_links":{"self":[{"href":"https:\/\/kalofiber.mx\/index.php\/wp-json\/wp\/v2\/product\/1191"}],"collection":[{"href":"https:\/\/kalofiber.mx\/index.php\/wp-json\/wp\/v2\/product"}],"about":[{"href":"https:\/\/kalofiber.mx\/index.php\/wp-json\/wp\/v2\/types\/product"}],"replies":[{"embeddable":true,"href":"https:\/\/kalofiber.mx\/index.php\/wp-json\/wp\/v2\/comments?post=1191"}],"wp:featuredmedia":[{"embeddable":true,"href":"https:\/\/kalofiber.mx\/index.php\/wp-json\/wp\/v2\/media\/1192"}],"wp:attachment":[{"href":"https:\/\/kalofiber.mx\/index.php\/wp-json\/wp\/v2\/media?parent=1191"}],"wp:term":[{"taxonomy":"product_cat","embeddable":true,"href":"https:\/\/kalofiber.mx\/index.php\/wp-json\/wp\/v2\/product_cat?post=1191"},{"taxonomy":"product_tag","embeddable":true,"href":"https:\/\/kalofiber.mx\/index.php\/wp-json\/wp\/v2\/product_tag?post=1191"}],"curies":[{"name":"wp","href":"https:\/\/api.w.org\/{rel}","templated":true}]}}