{"id":1821,"date":"2025-06-19T23:04:45","date_gmt":"2025-06-19T23:04:45","guid":{"rendered":"https:\/\/kalofiber.mx\/?post_type=product&#038;p=1821"},"modified":"2025-07-31T00:47:47","modified_gmt":"2025-07-31T00:47:47","slug":"estrellas-tejidas-colgantes","status":"publish","type":"product","link":"https:\/\/kalofiber.mx\/index.php\/producto\/estrellas-tejidas-colgantes\/","title":{"rendered":"Bander\u00edn de Estrellas Tejidas"},"content":{"rendered":"","protected":false},"excerpt":{"rendered":"<p>Bander\u00edn de Estrellas tejida a mano decorativas para colocar en habitaciones juveniles o infantiles, decoraci\u00f3n navide\u00f1a.<\/p>\n<p>Decoraci\u00f3n: juvenil, infantil, navide\u00f1a, ideal para regalo<\/p>\n<p>Tama\u00f1o: 50 cm<\/p>\n<p>Material: hilaza de algod\u00f3n<\/p>\n<p>Color: beige<\/p>\n","protected":false},"featured_media":1909,"comment_status":"open","ping_status":"closed","template":"","meta":{"_mi_skip_tracking":false,"site-sidebar-layout":"default","site-content-layout":"","ast-site-content-layout":"default","site-content-style":"default","site-sidebar-style":"default","ast-global-header-display":"","ast-banner-title-visibility":"","ast-main-header-display":"","ast-hfb-above-header-display":"","ast-hfb-below-header-display":"","ast-hfb-mobile-header-display":"","site-post-title":"","ast-breadcrumbs-content":"","ast-featured-img":"","footer-sml-layout":"","theme-transparent-header-meta":"default","adv-header-id-meta":"","stick-header-meta":"","header-above-stick-meta":"","header-main-stick-meta":"","header-below-stick-meta":"","astra-migrate-meta-layouts":"set","ast-page-background-enabled":"default","ast-page-background-meta":{"desktop":{"background-color":"var(--ast-global-color-4)","background-image":"","background-repeat":"repeat","background-position":"center center","background-size":"auto","background-attachment":"scroll","background-type":"","background-media":"","overlay-type":"","overlay-color":"","overlay-gradient":""},"tablet":{"background-color":"","background-image":"","background-repeat":"repeat","background-position":"center center","background-size":"auto","background-attachment":"scroll","background-type":"","background-media":"","overlay-type":"","overlay-color":"","overlay-gradient":""},"mobile":{"background-color":"","background-image":"","background-repeat":"repeat","background-position":"center center","background-size":"auto","background-attachment":"scroll","background-type":"","background-media":"","overlay-type":"","overlay-color":"","overlay-gradient":""}},"ast-content-background-meta":{"desktop":{"background-color":"var(--ast-global-color-5)","background-image":"","background-repeat":"repeat","background-position":"center center","background-size":"auto","background-attachment":"scroll","background-type":"","background-media":"","overlay-type":"","overlay-color":"","overlay-gradient":""},"tablet":{"background-color":"var(--ast-global-color-5)","background-image":"","background-repeat":"repeat","background-position":"center center","background-size":"auto","background-attachment":"scroll","background-type":"","background-media":"","overlay-type":"","overlay-color":"","overlay-gradient":""},"mobile":{"background-color":"var(--ast-global-color-5)","background-image":"","background-repeat":"repeat","background-position":"center center","background-size":"auto","background-attachment":"scroll","background-type":"","background-media":"","overlay-type":"","overlay-color":"","overlay-gradient":""}},"spay_email":""},"product_cat":[49],"product_tag":[44,31,45,43,42],"aioseo_notices":[],"_links":{"self":[{"href":"https:\/\/kalofiber.mx\/index.php\/wp-json\/wp\/v2\/product\/1821"}],"collection":[{"href":"https:\/\/kalofiber.mx\/index.php\/wp-json\/wp\/v2\/product"}],"about":[{"href":"https:\/\/kalofiber.mx\/index.php\/wp-json\/wp\/v2\/types\/product"}],"replies":[{"embeddable":true,"href":"https:\/\/kalofiber.mx\/index.php\/wp-json\/wp\/v2\/comments?post=1821"}],"wp:featuredmedia":[{"embeddable":true,"href":"https:\/\/kalofiber.mx\/index.php\/wp-json\/wp\/v2\/media\/1909"}],"wp:attachment":[{"href":"https:\/\/kalofiber.mx\/index.php\/wp-json\/wp\/v2\/media?parent=1821"}],"wp:term":[{"taxonomy":"product_cat","embeddable":true,"href":"https:\/\/kalofiber.mx\/index.php\/wp-json\/wp\/v2\/product_cat?post=1821"},{"taxonomy":"product_tag","embeddable":true,"href":"https:\/\/kalofiber.mx\/index.php\/wp-json\/wp\/v2\/product_tag?post=1821"}],"curies":[{"name":"wp","href":"https:\/\/api.w.org\/{rel}","templated":true}]}}