{"id":1902,"date":"2025-07-26T01:03:16","date_gmt":"2025-07-26T01:03:16","guid":{"rendered":"https:\/\/kalofiber.mx\/?post_type=product&#038;p=1902"},"modified":"2025-07-31T01:08:18","modified_gmt":"2025-07-31T01:08:18","slug":"salvamantel-redondo-tejido","status":"publish","type":"product","link":"https:\/\/kalofiber.mx\/index.php\/producto\/salvamantel-redondo-tejido\/","title":{"rendered":"Salvamanteles Redondo Tejido Crochet"},"content":{"rendered":"<p>Resalta tus platos en la mesa con decoraci\u00f3n rustica hecha a mano.<\/p>\n<p>Base redonda tejida a crochet con detalles en los bordes.<\/p>\n<p>Set de 6 unidades.<\/p>\n<p>Tama\u00f1o: 32 cm de di\u00e1metro.<\/p>\n<p>Material: hilaza de algod\u00f3n<\/p>\n<p>Color: Caqui.<\/p>\n<p>Recomendaci\u00f3n de uso: lavar a mano con agua a temperatura natural, no utilizar blanqueadores, utilizar jab\u00f3n neutro suave, no exprimir, no torcer, no colgar.<\/p>\n<p>Secar enrollado en pa\u00f1o para absorber el excedente de agua, colocar estirado sobre pa\u00f1o de tela en superficie plana, secado a sombra no exponer al sol directo.<\/p>\n<p>&nbsp;<\/p>\n","protected":false},"excerpt":{"rendered":"<p>Resalta tus platos en la mesa con decoraci\u00f3n rustica hecha a mano. Base redonda tejida a crochet con detalles en los bordes. Set de 6 unidades. Tama\u00f1o: 32 cm de di\u00e1metro. Material: hilaza de algod\u00f3n Color: Caqui. Recomendaci\u00f3n de uso: lavar a mano con agua a temperatura natural, no utilizar blanqueadores, utilizar jab\u00f3n neutro suave, [&hellip;]<\/p>\n","protected":false},"featured_media":1903,"comment_status":"open","ping_status":"closed","template":"","meta":{"_mi_skip_tracking":false,"site-sidebar-layout":"default","site-content-layout":"","ast-site-content-layout":"default","site-content-style":"default","site-sidebar-style":"default","ast-global-header-display":"","ast-banner-title-visibility":"","ast-main-header-display":"","ast-hfb-above-header-display":"","ast-hfb-below-header-display":"","ast-hfb-mobile-header-display":"","site-post-title":"","ast-breadcrumbs-content":"","ast-featured-img":"","footer-sml-layout":"","theme-transparent-header-meta":"default","adv-header-id-meta":"","stick-header-meta":"","header-above-stick-meta":"","header-main-stick-meta":"","header-below-stick-meta":"","astra-migrate-meta-layouts":"set","ast-page-background-enabled":"default","ast-page-background-meta":{"desktop":{"background-color":"var(--ast-global-color-4)","background-image":"","background-repeat":"repeat","background-position":"center center","background-size":"auto","background-attachment":"scroll","background-type":"","background-media":"","overlay-type":"","overlay-color":"","overlay-gradient":""},"tablet":{"background-color":"","background-image":"","background-repeat":"repeat","background-position":"center center","background-size":"auto","background-attachment":"scroll","background-type":"","background-media":"","overlay-type":"","overlay-color":"","overlay-gradient":""},"mobile":{"background-color":"","background-image":"","background-repeat":"repeat","background-position":"center center","background-size":"auto","background-attachment":"scroll","background-type":"","background-media":"","overlay-type":"","overlay-color":"","overlay-gradient":""}},"ast-content-background-meta":{"desktop":{"background-color":"var(--ast-global-color-5)","background-image":"","background-repeat":"repeat","background-position":"center center","background-size":"auto","background-attachment":"scroll","background-type":"","background-media":"","overlay-type":"","overlay-color":"","overlay-gradient":""},"tablet":{"background-color":"var(--ast-global-color-5)","background-image":"","background-repeat":"repeat","background-position":"center center","background-size":"auto","background-attachment":"scroll","background-type":"","background-media":"","overlay-type":"","overlay-color":"","overlay-gradient":""},"mobile":{"background-color":"var(--ast-global-color-5)","background-image":"","background-repeat":"repeat","background-position":"center center","background-size":"auto","background-attachment":"scroll","background-type":"","background-media":"","overlay-type":"","overlay-color":"","overlay-gradient":""}},"spay_email":""},"product_cat":[29,49],"product_tag":[44,31,45,43,42],"aioseo_notices":[],"_links":{"self":[{"href":"https:\/\/kalofiber.mx\/index.php\/wp-json\/wp\/v2\/product\/1902"}],"collection":[{"href":"https:\/\/kalofiber.mx\/index.php\/wp-json\/wp\/v2\/product"}],"about":[{"href":"https:\/\/kalofiber.mx\/index.php\/wp-json\/wp\/v2\/types\/product"}],"replies":[{"embeddable":true,"href":"https:\/\/kalofiber.mx\/index.php\/wp-json\/wp\/v2\/comments?post=1902"}],"wp:featuredmedia":[{"embeddable":true,"href":"https:\/\/kalofiber.mx\/index.php\/wp-json\/wp\/v2\/media\/1903"}],"wp:attachment":[{"href":"https:\/\/kalofiber.mx\/index.php\/wp-json\/wp\/v2\/media?parent=1902"}],"wp:term":[{"taxonomy":"product_cat","embeddable":true,"href":"https:\/\/kalofiber.mx\/index.php\/wp-json\/wp\/v2\/product_cat?post=1902"},{"taxonomy":"product_tag","embeddable":true,"href":"https:\/\/kalofiber.mx\/index.php\/wp-json\/wp\/v2\/product_tag?post=1902"}],"curies":[{"name":"wp","href":"https:\/\/api.w.org\/{rel}","templated":true}]}}