{"id":1952,"date":"2025-09-25T16:04:41","date_gmt":"2025-09-25T16:04:41","guid":{"rendered":"https:\/\/kalofiber.mx\/?post_type=product&#038;p=1952"},"modified":"2025-09-25T17:27:07","modified_gmt":"2025-09-25T17:27:07","slug":"calabazas-3-tamanos-desomontables","status":"publish","type":"product","link":"https:\/\/kalofiber.mx\/index.php\/producto\/calabazas-3-tamanos-desomontables\/","title":{"rendered":"Calabazas Set 3 Tama\u00f1os"},"content":{"rendered":"<p>Calabazas artesanales tejidas a mano rellenas en 3 colores y tama\u00f1os diferentes.<\/p>\n<p>Hermoso set de 3 calabazas desmontable, se pueden apilar como torre una sobre otra o colocar individual.<\/p>\n<p>Super c\u00f3modas para guardar sin da\u00f1ar su forma y no ocupan espacio.<\/p>\n<p>Tama\u00f1os: grande, mediano y peque\u00f1o<\/p>\n<p>Colores: terracota, gris y beige.<\/p>\n<p>Recomendaciones: para mantenimiento y durabilidad no remojar ni lavar con agua, sacudir el polvo con pa\u00f1o h\u00famedo, no exponer al sol para proteger el color y no colocar en decoraci\u00f3n de exteriores.<\/p>\n<p>&nbsp;<\/p>\n","protected":false},"excerpt":{"rendered":"<p>Calabazas artesanales tejidas a mano rellenas en 3 colores y tama\u00f1os diferentes. Hermoso set de 3 calabazas desmontable, se pueden apilar como torre una sobre otra o colocar individual. Super c\u00f3modas para guardar sin da\u00f1ar su forma y no ocupan espacio. Tama\u00f1os: grande, mediano y peque\u00f1o Colores: terracota, gris y beige. Recomendaciones: para mantenimiento y [&hellip;]<\/p>\n","protected":false},"featured_media":1950,"comment_status":"open","ping_status":"closed","template":"","meta":{"_mi_skip_tracking":false,"site-sidebar-layout":"default","site-content-layout":"","ast-site-content-layout":"default","site-content-style":"default","site-sidebar-style":"default","ast-global-header-display":"","ast-banner-title-visibility":"","ast-main-header-display":"","ast-hfb-above-header-display":"","ast-hfb-below-header-display":"","ast-hfb-mobile-header-display":"","site-post-title":"","ast-breadcrumbs-content":"","ast-featured-img":"","footer-sml-layout":"","theme-transparent-header-meta":"default","adv-header-id-meta":"","stick-header-meta":"","header-above-stick-meta":"","header-main-stick-meta":"","header-below-stick-meta":"","astra-migrate-meta-layouts":"set","ast-page-background-enabled":"default","ast-page-background-meta":{"desktop":{"background-color":"var(--ast-global-color-4)","background-image":"","background-repeat":"repeat","background-position":"center center","background-size":"auto","background-attachment":"scroll","background-type":"","background-media":"","overlay-type":"","overlay-color":"","overlay-gradient":""},"tablet":{"background-color":"","background-image":"","background-repeat":"repeat","background-position":"center center","background-size":"auto","background-attachment":"scroll","background-type":"","background-media":"","overlay-type":"","overlay-color":"","overlay-gradient":""},"mobile":{"background-color":"","background-image":"","background-repeat":"repeat","background-position":"center center","background-size":"auto","background-attachment":"scroll","background-type":"","background-media":"","overlay-type":"","overlay-color":"","overlay-gradient":""}},"ast-content-background-meta":{"desktop":{"background-color":"var(--ast-global-color-5)","background-image":"","background-repeat":"repeat","background-position":"center center","background-size":"auto","background-attachment":"scroll","background-type":"","background-media":"","overlay-type":"","overlay-color":"","overlay-gradient":""},"tablet":{"background-color":"var(--ast-global-color-5)","background-image":"","background-repeat":"repeat","background-position":"center center","background-size":"auto","background-attachment":"scroll","background-type":"","background-media":"","overlay-type":"","overlay-color":"","overlay-gradient":""},"mobile":{"background-color":"var(--ast-global-color-5)","background-image":"","background-repeat":"repeat","background-position":"center center","background-size":"auto","background-attachment":"scroll","background-type":"","background-media":"","overlay-type":"","overlay-color":"","overlay-gradient":""}},"spay_email":""},"product_cat":[49],"product_tag":[44,43,42],"aioseo_notices":[],"_links":{"self":[{"href":"https:\/\/kalofiber.mx\/index.php\/wp-json\/wp\/v2\/product\/1952"}],"collection":[{"href":"https:\/\/kalofiber.mx\/index.php\/wp-json\/wp\/v2\/product"}],"about":[{"href":"https:\/\/kalofiber.mx\/index.php\/wp-json\/wp\/v2\/types\/product"}],"replies":[{"embeddable":true,"href":"https:\/\/kalofiber.mx\/index.php\/wp-json\/wp\/v2\/comments?post=1952"}],"wp:featuredmedia":[{"embeddable":true,"href":"https:\/\/kalofiber.mx\/index.php\/wp-json\/wp\/v2\/media\/1950"}],"wp:attachment":[{"href":"https:\/\/kalofiber.mx\/index.php\/wp-json\/wp\/v2\/media?parent=1952"}],"wp:term":[{"taxonomy":"product_cat","embeddable":true,"href":"https:\/\/kalofiber.mx\/index.php\/wp-json\/wp\/v2\/product_cat?post=1952"},{"taxonomy":"product_tag","embeddable":true,"href":"https:\/\/kalofiber.mx\/index.php\/wp-json\/wp\/v2\/product_tag?post=1952"}],"curies":[{"name":"wp","href":"https:\/\/api.w.org\/{rel}","templated":true}]}}